{"id":100681,"date":"2011-05-19T14:45:18","date_gmt":"2011-05-19T12:45:18","guid":{"rendered":"http:\/\/www.radioluna.it\/news\/?page_id=100681"},"modified":"2018-10-27T09:33:06","modified_gmt":"2018-10-27T07:33:06","slug":"amiciaquattrozampe","status":"publish","type":"page","link":"https:\/\/www.radioluna.it\/news\/amiciaquattrozampe\/","title":{"rendered":"Amici a quattro zampe"},"content":{"rendered":"<div id=\"fb-root\"><\/div>\n<p style=\"text-align: center;\"><strong>INVIA LA FOTO E LA DESCRIZIONE DI UN &#8220;AMICO A QUATTRO ZAMPE&#8221; E NOI LA PUBBLICHEREMO<\/strong><\/p>\n<p style=\"text-align: center;\"><a href=\"https:\/\/www.radioluna.it\/news\/category\/amiciaquattrozampe\/\"><strong>CLICCA E GUARDA TUTTI I NOSTRI AMICI<\/strong><\/a><\/p>\n<p style=\"text-align: justify;\">Avete un amico a quattro zampe da far adottare? O lo avete smarrito e volete ritrovalo? Compilando il modulo qu\u00ec sotto avete la possibilit\u00e0 di inviarci le foto dell&#8217;animale con una breve descrizione e Luna Notizie la pubblicher\u00e0.\u00a0 In attesa che il nostro Amico trovi finalmente una famiglia e torni ad essere felice!<\/p>\n<p style=\"text-align: justify;\">\n<div class=\"wpcf7 no-js\" id=\"wpcf7-f109521-o1\" lang=\"\" dir=\"ltr\" data-wpcf7-id=\"109521\">\n<div class=\"screen-reader-response\"><p role=\"status\" aria-live=\"polite\" aria-atomic=\"true\"><\/p> <ul><\/ul><\/div>\n<form action=\"\/news\/wp-json\/wp\/v2\/pages\/100681#wpcf7-f109521-o1\" method=\"post\" class=\"wpcf7-form init\" aria-label=\"Modulo di contatto\" enctype=\"multipart\/form-data\" novalidate=\"novalidate\" data-status=\"init\">\n<fieldset class=\"hidden-fields-container\"><input type=\"hidden\" name=\"_wpcf7\" value=\"109521\" \/><input type=\"hidden\" name=\"_wpcf7_version\" value=\"6.1.5\" \/><input type=\"hidden\" name=\"_wpcf7_locale\" value=\"\" \/><input type=\"hidden\" name=\"_wpcf7_unit_tag\" value=\"wpcf7-f109521-o1\" \/><input type=\"hidden\" name=\"_wpcf7_container_post\" value=\"0\" \/><input type=\"hidden\" name=\"_wpcf7_posted_data_hash\" value=\"\" \/>\n<\/fieldset>\n<p>Vuoi pubblicare il tuo Nome e Cognome? (richiesto)\n<\/p>\n<p><span class=\"wpcf7-form-control-wrap\" data-name=\"menu-292\"><select class=\"wpcf7-form-control wpcf7-select wpcf7-validates-as-required\" aria-required=\"true\" aria-invalid=\"false\" name=\"menu-292\"><option value=\"\">&#8212;Seleziona un&#039;opzione&#8212;<\/option><option value=\"Si acconsento\">Si acconsento<\/option><option value=\"No non acconsento\">No non acconsento<\/option><\/select><\/span>\n<\/p>\n<p>Il tuo Nome (richiesto)\n<\/p>\n<p><span class=\"wpcf7-form-control-wrap\" data-name=\"your-name\"><input size=\"40\" maxlength=\"400\" class=\"wpcf7-form-control wpcf7-text wpcf7-validates-as-required\" aria-required=\"true\" aria-invalid=\"false\" value=\"\" type=\"text\" name=\"your-name\" \/><\/span>\n<\/p>\n<p>Il tuo Cognome(richiesto)\n<\/p>\n<p><span class=\"wpcf7-form-control-wrap\" data-name=\"text-638\"><input size=\"40\" maxlength=\"400\" class=\"wpcf7-form-control wpcf7-text wpcf7-validates-as-required\" aria-required=\"true\" aria-invalid=\"false\" value=\"\" type=\"text\" name=\"text-638\" \/><\/span>\n<\/p>\n<p>La tua Email (richiesto)\n<\/p>\n<p><span class=\"wpcf7-form-control-wrap\" data-name=\"your-email\"><input size=\"40\" maxlength=\"400\" class=\"wpcf7-form-control wpcf7-email wpcf7-validates-as-required wpcf7-text wpcf7-validates-as-email\" aria-required=\"true\" aria-invalid=\"false\" value=\"\" type=\"email\" name=\"your-email\" \/><\/span>\n<\/p>\n<p>Il tuo Numero di Tel. (richiesto)\n<\/p>\n<p><span class=\"wpcf7-form-control-wrap\" data-name=\"text-639\"><input size=\"40\" maxlength=\"400\" class=\"wpcf7-form-control wpcf7-text wpcf7-validates-as-required\" aria-required=\"true\" aria-invalid=\"false\" value=\"\" type=\"text\" name=\"text-639\" \/><\/span>\n<\/p>\n<p>Di dove sei (richiesto)\n<\/p>\n<p><span class=\"wpcf7-form-control-wrap\" data-name=\"text-102\"><input size=\"40\" maxlength=\"400\" class=\"wpcf7-form-control wpcf7-text wpcf7-validates-as-required\" aria-required=\"true\" aria-invalid=\"false\" value=\"\" type=\"text\" name=\"text-102\" \/><\/span>\n<\/p>\n<p>Il tuo messaggio e descrizione dell'animale (richiesto)\n<\/p>\n<p><span class=\"wpcf7-form-control-wrap\" data-name=\"your-message\"><textarea cols=\"40\" rows=\"10\" maxlength=\"2000\" class=\"wpcf7-form-control wpcf7-textarea wpcf7-validates-as-required\" aria-required=\"true\" aria-invalid=\"false\" name=\"your-message\"><\/textarea><\/span>\n<\/p>\n<p>Foto 1 (facoltativa) (Formati Jpg, Jpeg, Png, Gif e Tiff max 1000 KB)\n<\/p>\n<p><span class=\"wpcf7-form-control-wrap\" data-name=\"file-209\"><input size=\"40\" class=\"wpcf7-form-control wpcf7-file\" accept=\".jpg,.jpeg,.png,.gif,.tiff\" aria-invalid=\"false\" type=\"file\" name=\"file-209\" \/><\/span>\n<\/p>\n<p>Foto 2 (facoltativa) (Formati Jpg, Jpeg, Png, Gif e Tiff max 1000 KB)\n<\/p>\n<p><span class=\"wpcf7-form-control-wrap\" data-name=\"file-210\"><input size=\"40\" class=\"wpcf7-form-control wpcf7-file\" accept=\".jpg,.jpeg,.png,.gif,.tiff\" aria-invalid=\"false\" type=\"file\" name=\"file-210\" \/><\/span>\n<\/p>\n<p>Foto 3 (facoltativa) (Formati Jpg, Jpeg, Png, Gif e Tiff max 1000 KB)\n<\/p>\n<p><span class=\"wpcf7-form-control-wrap\" data-name=\"file-211\"><input size=\"40\" class=\"wpcf7-form-control wpcf7-file\" accept=\".jpg,.jpeg,.png,.gif,.tiff\" aria-invalid=\"false\" type=\"file\" name=\"file-211\" \/><\/span>\n<\/p>\n<p>Foto 4 (Facoltativa) (Formati Jpg, Jpeg, Png, Gif e Tiff max 1000 KB)\n<\/p>\n<p><span class=\"wpcf7-form-control-wrap\" data-name=\"file-212\"><input size=\"40\" class=\"wpcf7-form-control wpcf7-file\" accept=\".jpg,.jpeg,.png,.gif,.tiff\" aria-invalid=\"false\" type=\"file\" name=\"file-212\" \/><\/span>\n<\/p>\n<p>Foto 5 (Facoltativa) (Formati Jpg, Jpeg, Png, Gif e Tiff max 1000 KB)\n<\/p>\n<p><span class=\"wpcf7-form-control-wrap\" data-name=\"file-213\"><input size=\"40\" class=\"wpcf7-form-control wpcf7-file\" accept=\".jpg,.jpeg,.png,.gif,.tiff\" aria-invalid=\"false\" type=\"file\" name=\"file-213\" \/><\/span>\n<\/p>\n<p><input class=\"wpcf7-form-control wpcf7-submit has-spinner\" type=\"submit\" value=\"Invia\" \/>\n<\/p><p style=\"display: none !important;\" class=\"akismet-fields-container\" data-prefix=\"_wpcf7_ak_\"><label>&#916;<textarea name=\"_wpcf7_ak_hp_textarea\" cols=\"45\" rows=\"8\" maxlength=\"100\"><\/textarea><\/label><input type=\"hidden\" id=\"ak_js_1\" name=\"_wpcf7_ak_js\" value=\"9\"\/><script type=\"text\/javascript\">\n\/* <![CDATA[ *\/\ndocument.getElementById( \"ak_js_1\" ).setAttribute( \"value\", ( new Date() ).getTime() );\n\/* ]]> *\/\n<\/script>\n<\/p><div class=\"wpcf7-response-output\" aria-hidden=\"true\"><\/div>\n<\/form>\n<\/div>\n<\/p>\n","protected":false},"excerpt":{"rendered":"<p>INVIA LA FOTO E LA DESCRIZIONE DI UN &#8220;AMICO A QUATTRO ZAMPE&#8221; E NOI LA PUBBLICHEREMO CLICCA E GUARDA TUTTI I NOSTRI AMICI Avete un amico a quattro zampe da far adottare? O lo avete smarrito e volete ritrovalo? Compilando il modulo qu\u00ec sotto avete la possibilit\u00e0 di inviarci le foto dell&#8217;animale con una breve [&hellip;]<\/p>\n","protected":false},"author":60,"featured_media":119005,"parent":0,"menu_order":0,"comment_status":"open","ping_status":"closed","template":"","meta":{"footnotes":""},"class_list":["post-100681","page","type-page","status-publish","has-post-thumbnail","hentry"],"yoast_head":"<!-- This site is optimized with the Yoast SEO plugin v27.5 - https:\/\/yoast.com\/product\/yoast-seo-wordpress\/ -->\n<title>Amici a quattro zampe - Luna Notizie - Notizie di Latina<\/title>\n<meta name=\"robots\" content=\"index, follow, max-snippet:-1, max-image-preview:large, max-video-preview:-1\" \/>\n<link rel=\"canonical\" href=\"https:\/\/www.radioluna.it\/news\/amiciaquattrozampe\/\" \/>\n<meta property=\"og:locale\" content=\"it_IT\" \/>\n<meta property=\"og:type\" content=\"article\" \/>\n<meta property=\"og:title\" content=\"Amici a quattro zampe - Luna Notizie - Notizie di Latina\" \/>\n<meta property=\"og:description\" content=\"INVIA LA FOTO E LA DESCRIZIONE DI UN &#8220;AMICO A QUATTRO ZAMPE&#8221; E NOI LA PUBBLICHEREMO CLICCA E GUARDA TUTTI I NOSTRI AMICI Avete un amico a quattro zampe da far adottare? O lo avete smarrito e volete ritrovalo? Compilando il modulo qu\u00ec sotto avete la possibilit\u00e0 di inviarci le foto dell&#8217;animale con una breve [&hellip;]\" \/>\n<meta property=\"og:url\" content=\"https:\/\/www.radioluna.it\/news\/amiciaquattrozampe\/\" \/>\n<meta property=\"og:site_name\" content=\"Luna Notizie - Notizie di Latina\" \/>\n<meta property=\"article:publisher\" content=\"https:\/\/www.facebook.com\/lunanotizie\" \/>\n<meta property=\"article:modified_time\" content=\"2018-10-27T07:33:06+00:00\" \/>\n<meta property=\"og:image\" content=\"https:\/\/www.radioluna.it\/news\/wp-content\/uploads\/2011\/05\/canegatto.jpeg\" \/>\n\t<meta property=\"og:image:width\" content=\"629\" \/>\n\t<meta property=\"og:image:height\" content=\"391\" \/>\n\t<meta property=\"og:image:type\" content=\"image\/jpeg\" \/>\n<meta name=\"twitter:card\" content=\"summary_large_image\" \/>\n<meta name=\"twitter:site\" content=\"@Lunanotizie\" \/>\n<script type=\"application\/ld+json\" class=\"yoast-schema-graph\">{\"@context\":\"https:\\\/\\\/schema.org\",\"@graph\":[{\"@type\":\"WebPage\",\"@id\":\"https:\\\/\\\/www.radioluna.it\\\/news\\\/amiciaquattrozampe\\\/\",\"url\":\"https:\\\/\\\/www.radioluna.it\\\/news\\\/amiciaquattrozampe\\\/\",\"name\":\"Amici a quattro zampe - Luna Notizie - Notizie di Latina\",\"isPartOf\":{\"@id\":\"https:\\\/\\\/www.radioluna.it\\\/news\\\/#website\"},\"primaryImageOfPage\":{\"@id\":\"https:\\\/\\\/www.radioluna.it\\\/news\\\/amiciaquattrozampe\\\/#primaryimage\"},\"image\":{\"@id\":\"https:\\\/\\\/www.radioluna.it\\\/news\\\/amiciaquattrozampe\\\/#primaryimage\"},\"thumbnailUrl\":\"https:\\\/\\\/www.radioluna.it\\\/news\\\/wp-content\\\/uploads\\\/2011\\\/05\\\/canegatto.jpeg\",\"datePublished\":\"2011-05-19T12:45:18+00:00\",\"dateModified\":\"2018-10-27T07:33:06+00:00\",\"breadcrumb\":{\"@id\":\"https:\\\/\\\/www.radioluna.it\\\/news\\\/amiciaquattrozampe\\\/#breadcrumb\"},\"inLanguage\":\"it-IT\",\"potentialAction\":[{\"@type\":\"ReadAction\",\"target\":[\"https:\\\/\\\/www.radioluna.it\\\/news\\\/amiciaquattrozampe\\\/\"]}]},{\"@type\":\"ImageObject\",\"inLanguage\":\"it-IT\",\"@id\":\"https:\\\/\\\/www.radioluna.it\\\/news\\\/amiciaquattrozampe\\\/#primaryimage\",\"url\":\"https:\\\/\\\/www.radioluna.it\\\/news\\\/wp-content\\\/uploads\\\/2011\\\/05\\\/canegatto.jpeg\",\"contentUrl\":\"https:\\\/\\\/www.radioluna.it\\\/news\\\/wp-content\\\/uploads\\\/2011\\\/05\\\/canegatto.jpeg\",\"width\":629,\"height\":391},{\"@type\":\"BreadcrumbList\",\"@id\":\"https:\\\/\\\/www.radioluna.it\\\/news\\\/amiciaquattrozampe\\\/#breadcrumb\",\"itemListElement\":[{\"@type\":\"ListItem\",\"position\":1,\"name\":\"Home\",\"item\":\"https:\\\/\\\/www.radioluna.it\\\/news\\\/\"},{\"@type\":\"ListItem\",\"position\":2,\"name\":\"Amici a quattro zampe\"}]},{\"@type\":\"WebSite\",\"@id\":\"https:\\\/\\\/www.radioluna.it\\\/news\\\/#website\",\"url\":\"https:\\\/\\\/www.radioluna.it\\\/news\\\/\",\"name\":\"Luna Notizie - Notizie di Latina\",\"description\":\"Latina Notizie in tempo reale\",\"publisher\":{\"@id\":\"https:\\\/\\\/www.radioluna.it\\\/news\\\/#organization\"},\"potentialAction\":[{\"@type\":\"SearchAction\",\"target\":{\"@type\":\"EntryPoint\",\"urlTemplate\":\"https:\\\/\\\/www.radioluna.it\\\/news\\\/?s={search_term_string}\"},\"query-input\":{\"@type\":\"PropertyValueSpecification\",\"valueRequired\":true,\"valueName\":\"search_term_string\"}}],\"inLanguage\":\"it-IT\"},{\"@type\":\"Organization\",\"@id\":\"https:\\\/\\\/www.radioluna.it\\\/news\\\/#organization\",\"name\":\"Radio Luna\",\"alternateName\":\"Luna Notizie\",\"url\":\"https:\\\/\\\/www.radioluna.it\\\/news\\\/\",\"logo\":{\"@type\":\"ImageObject\",\"inLanguage\":\"it-IT\",\"@id\":\"https:\\\/\\\/www.radioluna.it\\\/news\\\/#\\\/schema\\\/logo\\\/image\\\/\",\"url\":\"https:\\\/\\\/www.radioluna.it\\\/news\\\/wp-content\\\/uploads\\\/2026\\\/05\\\/359795246_765923815536191_1565936838317879216_n.jpg\",\"contentUrl\":\"https:\\\/\\\/www.radioluna.it\\\/news\\\/wp-content\\\/uploads\\\/2026\\\/05\\\/359795246_765923815536191_1565936838317879216_n.jpg\",\"width\":446,\"height\":446,\"caption\":\"Radio Luna\"},\"image\":{\"@id\":\"https:\\\/\\\/www.radioluna.it\\\/news\\\/#\\\/schema\\\/logo\\\/image\\\/\"},\"sameAs\":[\"https:\\\/\\\/www.facebook.com\\\/lunanotizie\",\"https:\\\/\\\/x.com\\\/Lunanotizie\"]}]}<\/script>\n<!-- \/ Yoast SEO plugin. -->","yoast_head_json":{"title":"Amici a quattro zampe - Luna Notizie - Notizie di Latina","robots":{"index":"index","follow":"follow","max-snippet":"max-snippet:-1","max-image-preview":"max-image-preview:large","max-video-preview":"max-video-preview:-1"},"canonical":"https:\/\/www.radioluna.it\/news\/amiciaquattrozampe\/","og_locale":"it_IT","og_type":"article","og_title":"Amici a quattro zampe - Luna Notizie - Notizie di Latina","og_description":"INVIA LA FOTO E LA DESCRIZIONE DI UN &#8220;AMICO A QUATTRO ZAMPE&#8221; E NOI LA PUBBLICHEREMO CLICCA E GUARDA TUTTI I NOSTRI AMICI Avete un amico a quattro zampe da far adottare? O lo avete smarrito e volete ritrovalo? Compilando il modulo qu\u00ec sotto avete la possibilit\u00e0 di inviarci le foto dell&#8217;animale con una breve [&hellip;]","og_url":"https:\/\/www.radioluna.it\/news\/amiciaquattrozampe\/","og_site_name":"Luna Notizie - Notizie di Latina","article_publisher":"https:\/\/www.facebook.com\/lunanotizie","article_modified_time":"2018-10-27T07:33:06+00:00","og_image":[{"width":629,"height":391,"url":"https:\/\/www.radioluna.it\/news\/wp-content\/uploads\/2011\/05\/canegatto.jpeg","type":"image\/jpeg"}],"twitter_card":"summary_large_image","twitter_site":"@Lunanotizie","schema":{"@context":"https:\/\/schema.org","@graph":[{"@type":"WebPage","@id":"https:\/\/www.radioluna.it\/news\/amiciaquattrozampe\/","url":"https:\/\/www.radioluna.it\/news\/amiciaquattrozampe\/","name":"Amici a quattro zampe - Luna Notizie - Notizie di Latina","isPartOf":{"@id":"https:\/\/www.radioluna.it\/news\/#website"},"primaryImageOfPage":{"@id":"https:\/\/www.radioluna.it\/news\/amiciaquattrozampe\/#primaryimage"},"image":{"@id":"https:\/\/www.radioluna.it\/news\/amiciaquattrozampe\/#primaryimage"},"thumbnailUrl":"https:\/\/www.radioluna.it\/news\/wp-content\/uploads\/2011\/05\/canegatto.jpeg","datePublished":"2011-05-19T12:45:18+00:00","dateModified":"2018-10-27T07:33:06+00:00","breadcrumb":{"@id":"https:\/\/www.radioluna.it\/news\/amiciaquattrozampe\/#breadcrumb"},"inLanguage":"it-IT","potentialAction":[{"@type":"ReadAction","target":["https:\/\/www.radioluna.it\/news\/amiciaquattrozampe\/"]}]},{"@type":"ImageObject","inLanguage":"it-IT","@id":"https:\/\/www.radioluna.it\/news\/amiciaquattrozampe\/#primaryimage","url":"https:\/\/www.radioluna.it\/news\/wp-content\/uploads\/2011\/05\/canegatto.jpeg","contentUrl":"https:\/\/www.radioluna.it\/news\/wp-content\/uploads\/2011\/05\/canegatto.jpeg","width":629,"height":391},{"@type":"BreadcrumbList","@id":"https:\/\/www.radioluna.it\/news\/amiciaquattrozampe\/#breadcrumb","itemListElement":[{"@type":"ListItem","position":1,"name":"Home","item":"https:\/\/www.radioluna.it\/news\/"},{"@type":"ListItem","position":2,"name":"Amici a quattro zampe"}]},{"@type":"WebSite","@id":"https:\/\/www.radioluna.it\/news\/#website","url":"https:\/\/www.radioluna.it\/news\/","name":"Luna Notizie - Notizie di Latina","description":"Latina Notizie in tempo reale","publisher":{"@id":"https:\/\/www.radioluna.it\/news\/#organization"},"potentialAction":[{"@type":"SearchAction","target":{"@type":"EntryPoint","urlTemplate":"https:\/\/www.radioluna.it\/news\/?s={search_term_string}"},"query-input":{"@type":"PropertyValueSpecification","valueRequired":true,"valueName":"search_term_string"}}],"inLanguage":"it-IT"},{"@type":"Organization","@id":"https:\/\/www.radioluna.it\/news\/#organization","name":"Radio Luna","alternateName":"Luna Notizie","url":"https:\/\/www.radioluna.it\/news\/","logo":{"@type":"ImageObject","inLanguage":"it-IT","@id":"https:\/\/www.radioluna.it\/news\/#\/schema\/logo\/image\/","url":"https:\/\/www.radioluna.it\/news\/wp-content\/uploads\/2026\/05\/359795246_765923815536191_1565936838317879216_n.jpg","contentUrl":"https:\/\/www.radioluna.it\/news\/wp-content\/uploads\/2026\/05\/359795246_765923815536191_1565936838317879216_n.jpg","width":446,"height":446,"caption":"Radio Luna"},"image":{"@id":"https:\/\/www.radioluna.it\/news\/#\/schema\/logo\/image\/"},"sameAs":["https:\/\/www.facebook.com\/lunanotizie","https:\/\/x.com\/Lunanotizie"]}]}},"_links":{"self":[{"href":"https:\/\/www.radioluna.it\/news\/wp-json\/wp\/v2\/pages\/100681","targetHints":{"allow":["GET"]}}],"collection":[{"href":"https:\/\/www.radioluna.it\/news\/wp-json\/wp\/v2\/pages"}],"about":[{"href":"https:\/\/www.radioluna.it\/news\/wp-json\/wp\/v2\/types\/page"}],"author":[{"embeddable":true,"href":"https:\/\/www.radioluna.it\/news\/wp-json\/wp\/v2\/users\/60"}],"replies":[{"embeddable":true,"href":"https:\/\/www.radioluna.it\/news\/wp-json\/wp\/v2\/comments?post=100681"}],"version-history":[{"count":0,"href":"https:\/\/www.radioluna.it\/news\/wp-json\/wp\/v2\/pages\/100681\/revisions"}],"wp:featuredmedia":[{"embeddable":true,"href":"https:\/\/www.radioluna.it\/news\/wp-json\/wp\/v2\/media\/119005"}],"wp:attachment":[{"href":"https:\/\/www.radioluna.it\/news\/wp-json\/wp\/v2\/media?parent=100681"}],"curies":[{"name":"wp","href":"https:\/\/api.w.org\/{rel}","templated":true}]}}